{"id":1152,"date":"2018-11-26T16:13:35","date_gmt":"2018-11-26T16:13:35","guid":{"rendered":"http:\/\/amatfust.com\/compra\/"},"modified":"2021-01-04T09:33:44","modified_gmt":"2021-01-04T09:33:44","slug":"compra","status":"publish","type":"page","link":"https:\/\/amatfust.com\/?page_id=1152&lang=es","title":{"rendered":"Compra"},"content":{"rendered":"<p>[vc_row css=&#8221;.vc_custom_1545302778122{padding-top: 50px !important;padding-bottom: 50px !important;}&#8221;][vc_column width=&#8221;1\/4&#8243;][vc_single_image image=&#8221;1280&#8243; img_size=&#8221;medium&#8221; alignment=&#8221;center&#8221;][vc_column_text]<\/p>\n<p style=\"font-family: texgyreadventorregular; font-size: 22px; font-weight: 600; line-height: 26px; text-align: center; margin: 20px;\">Pata cil\u00edndrica<\/p>\n<p style=\"text-align: center;\">Medidas 250*50\u00d8mm<br \/>\nColor cerezo<br \/>\nEsp\u00e1rrago M10<\/p>\n<p style=\"text-align: center;\">Juego de 4 unidades<\/p>\n<p>[\/vc_column_text][\/vc_column][vc_column width=&#8221;1\/4&#8243;][vc_single_image image=&#8221;1284&#8243; img_size=&#8221;medium&#8221; alignment=&#8221;center&#8221;][vc_column_text]<\/p>\n<p style=\"font-family: texgyreadventorregular; font-size: 22px; font-weight: 600; line-height: 26px; text-align: center; margin: 20px;\">Escuadra<\/p>\n<p style=\"text-align: center;\">Medidas 160*160*50mm<br \/>\nColor wengu\u00e9<br \/>\n2 perforaciones para atornillar<\/p>\n<p>[\/vc_column_text][\/vc_column][vc_column width=&#8221;1\/4&#8243;][vc_single_image image=&#8221;1272&#8243; img_size=&#8221;medium&#8221; alignment=&#8221;center&#8221;][vc_column_text]<\/p>\n<p style=\"font-family: texgyreadventorregular; font-size: 22px; font-weight: 600; line-height: 26px; text-align: center; margin: 20px;\">Patas<\/p>\n<p style=\"text-align: center;\">Medidas 160*50\u00d8mm<br \/>\nColor natural<br \/>\nEsp\u00e1rrago M10<\/p>\n<p style=\"text-align: center;\">Juego de 4 unidades<\/p>\n<p>[\/vc_column_text][\/vc_column][vc_column width=&#8221;1\/4&#8243;][vc_single_image image=&#8221;1276&#8243; img_size=&#8221;medium&#8221; alignment=&#8221;center&#8221;][vc_column_text]<\/p>\n<p style=\"font-family: texgyreadventorregular; font-size: 22px; font-weight: 600; line-height: 26px; text-align: center; margin: 20px;\">Conos<\/p>\n<p style=\"text-align: center;\">Medidas 60mm alto.<br \/>\nColor wengu\u00e9<br \/>\nEsp\u00e1rrago M8<\/p>\n<p style=\"text-align: center;\">Juego de 6 unidades<\/p>\n<p>[\/vc_column_text][\/vc_column][\/vc_row][vc_row css=&#8221;.vc_custom_1541414282883{padding-top: 50px !important;background-color: #f2f2f2 !important;}&#8221;][vc_column width=&#8221;1\/3&#8243;][\/vc_column][vc_column width=&#8221;2\/3&#8243; css=&#8221;.vc_custom_1543248636916{padding-right: 5% !important;padding-left: 5% !important;}&#8221;][\/vc_column][\/vc_row]<\/p>\n","protected":false},"excerpt":{"rendered":"<p>[vc_row css=&#8221;.vc_custom_1545302778122{padding-top: 50px !important;padding-bottom: 50px !important;}&#8221;][vc_column width=&#8221;1\/4&#8243;][vc_single_image image=&#8221;1280&#8243; img_size=&#8221;medium&#8221; alignment=&#8221;center&#8221;][vc_column_text] Pata cil\u00edndrica Medidas 250*50\u00d8mm Color cerezo Esp\u00e1rrago M10 Juego de 4 unidades [\/vc_column_text][\/vc_column][vc_column width=&#8221;1\/4&#8243;][vc_single_image image=&#8221;1284&#8243; img_size=&#8221;medium&#8221; alignment=&#8221;center&#8221;][vc_column_text] Escuadra Medidas 160*160*50mm<\/p>\n","protected":false},"author":1,"featured_media":0,"parent":0,"menu_order":0,"comment_status":"closed","ping_status":"closed","template":"page-custom.php","meta":{"_acf_changed":false,"footnotes":""},"class_list":["post-1152","page","type-page","status-publish","hentry"],"acf":[],"_links":{"self":[{"href":"https:\/\/amatfust.com\/index.php?rest_route=\/wp\/v2\/pages\/1152","targetHints":{"allow":["GET"]}}],"collection":[{"href":"https:\/\/amatfust.com\/index.php?rest_route=\/wp\/v2\/pages"}],"about":[{"href":"https:\/\/amatfust.com\/index.php?rest_route=\/wp\/v2\/types\/page"}],"author":[{"embeddable":true,"href":"https:\/\/amatfust.com\/index.php?rest_route=\/wp\/v2\/users\/1"}],"replies":[{"embeddable":true,"href":"https:\/\/amatfust.com\/index.php?rest_route=%2Fwp%2Fv2%2Fcomments&post=1152"}],"version-history":[{"count":8,"href":"https:\/\/amatfust.com\/index.php?rest_route=\/wp\/v2\/pages\/1152\/revisions"}],"predecessor-version":[{"id":1326,"href":"https:\/\/amatfust.com\/index.php?rest_route=\/wp\/v2\/pages\/1152\/revisions\/1326"}],"wp:attachment":[{"href":"https:\/\/amatfust.com\/index.php?rest_route=%2Fwp%2Fv2%2Fmedia&parent=1152"}],"curies":[{"name":"wp","href":"https:\/\/api.w.org\/{rel}","templated":true}]}}